{"id":14753,"date":"2026-05-01T23:02:56","date_gmt":"2026-05-01T21:02:56","guid":{"rendered":"https:\/\/birdbusters.eu\/product\/soldriven-fagelskramma-med-360-roterande-spegel-och-ljudsignal\/"},"modified":"2026-05-01T23:02:56","modified_gmt":"2026-05-01T21:02:56","slug":"soldriven-fagelskramma-med-360-roterande-spegel-och-ljudsignal","status":"publish","type":"product","link":"https:\/\/birdbusters.eu\/sv\/produkt\/soldriven-fagelskramma-med-360-roterande-spegel-och-ljudsignal\/","title":{"rendered":"Soldriven f\u00e5gelskr\u00e4mma med 360\u00b0 roterande spegel och ljudsignal"},"content":{"rendered":"<p>H\u00e5ll f\u00e5glar borta fr\u00e5n din terrass, ditt tak eller din tr\u00e4dg\u00e5rd med denna smarta och milj\u00f6v\u00e4nliga f\u00e5gelskr\u00e4mma. Den anv\u00e4nder solenergi, vind och ljusreflektion.<\/p>\n<h2>Hur det fungerar<\/h2>\n<p>Enheten fungerar helt automatiskt med vindkraft. Solpanelen aktiverar systemet i dagsljus. Vinden snurrar speglarna och spegelytor sprider solljuset i alla riktningar. Resultatet \u00e4r konstant r\u00f6relse och ljusglimt som st\u00f6r f\u00e5glar.<\/p>\n<h2>Egenskaper<\/h2>\n<ul>\n<li>Inga batterier eller eluttag beh\u00f6vs<\/li>\n<li>V\u00e4dert\u00e5lig f\u00f6r anv\u00e4ndning \u00e5ret runt<\/li>\n<li>Enkel montering p\u00e5 tak, terrasser och balkonger<\/li>\n<li>360 graders rotation<\/li>\n<li>Milj\u00f6v\u00e4nlig och skadar inte f\u00e5glar<\/li>\n<\/ul>\n","protected":false},"excerpt":{"rendered":"<p>Enheten fungerar helt automatiskt med vindkraft. Solpanelen aktiverar systemet i dagsljus. Vinden snurrar speglarna och spegelytor sprider solljuset i olika riktningar. Konstant r\u00f6relse och ljusglimt st\u00f6r f\u00e5glar. En ytterligare ljudsignal g\u00f6r det \u00e4nnu effektivare.<\/p>\n","protected":false},"featured_media":14702,"template":"","meta":{"_themeisle_gutenberg_block_has_review":false,"rank_math_focus_keyword":"soldriven f\u00e5gelskr\u00e4mma roterande spegel","rank_math_title":"Soldriven F\u00e5gelskr\u00e4mma med 360\u00b0 Roterande Spegel och Ljud | Bird Busters","rank_math_description":"Soldriven f\u00e5gelskr\u00e4mma med 360\u00b0 roterande spegel och ljudsignal. Inga batterier beh\u00f6vs. Idealisk f\u00f6r terrasser, tak och tr\u00e4dg\u00e5rdar.","rank_math_canonical_url":"","rank_math_facebook_title":"","rank_math_facebook_description":"","rank_math_facebook_image":"","rank_math_twitter_title":"","rank_math_twitter_description":"","rank_math_twitter_image":"","rank_math_schema_FAQPage":[]},"product_brand":[],"product_cat":[148,149],"product_tag":[],"class_list":{"0":"post-14753","1":"product","2":"type-product","3":"status-publish","4":"has-post-thumbnail","6":"product_cat-fagelavskrackande-produkter","7":"product_cat-visuella-fagelskrammor","9":"first","10":"instock","11":"taxable","12":"shipping-taxable","13":"purchasable","14":"product-type-simple"},"_links":{"self":[{"href":"https:\/\/birdbusters.eu\/sv\/wp-json\/wp\/v2\/product\/14753","targetHints":{"allow":["GET"]}}],"collection":[{"href":"https:\/\/birdbusters.eu\/sv\/wp-json\/wp\/v2\/product"}],"about":[{"href":"https:\/\/birdbusters.eu\/sv\/wp-json\/wp\/v2\/types\/product"}],"wp:featuredmedia":[{"embeddable":true,"href":"https:\/\/birdbusters.eu\/sv\/wp-json\/wp\/v2\/media\/14702"}],"wp:attachment":[{"href":"https:\/\/birdbusters.eu\/sv\/wp-json\/wp\/v2\/media?parent=14753"}],"wp:term":[{"taxonomy":"product_brand","embeddable":true,"href":"https:\/\/birdbusters.eu\/sv\/wp-json\/wp\/v2\/product_brand?post=14753"},{"taxonomy":"product_cat","embeddable":true,"href":"https:\/\/birdbusters.eu\/sv\/wp-json\/wp\/v2\/product_cat?post=14753"},{"taxonomy":"product_tag","embeddable":true,"href":"https:\/\/birdbusters.eu\/sv\/wp-json\/wp\/v2\/product_tag?post=14753"}],"curies":[{"name":"wp","href":"https:\/\/api.w.org\/{rel}","templated":true}]}}